{"id":288,"date":"2020-04-20T13:08:34","date_gmt":"2020-04-20T12:08:34","guid":{"rendered":"https:\/\/www.electro-park.fr\/?page_id=288"},"modified":"2020-04-20T13:08:34","modified_gmt":"2020-04-20T12:08:34","slug":"option","status":"publish","type":"page","link":"https:\/\/www.electro-park.fr\/?page_id=288","title":{"rendered":"Options"},"content":{"rendered":"\n\t\t\t\t\n<p>Chaque installation finale normalis\u00e9e comprend :<\/p>\n\n\n\n<ul class=\"wp-block-list\"><li>Une Wallbox 3,7 kva ou 7,4 kva avec prise de type 2<\/li><li>Un disjoncteur de puissance<\/li><li>Un bloc diff\u00e9rentiel 30mA de type si<\/li><li>Un compteur double tarif afin de b\u00e9n\u00e9ficier de la prime Advenir et des taris HP\/HC<\/li><li>Un c\u00e2ble de section 6 mm\u00b2<\/li><\/ul>\n\n\n\n<h3 class=\"wp-block-heading\"><strong>Options&nbsp;disponibles :<\/strong><\/h3>\n\n\n\n<ul class=\"wp-block-list\"><li><strong>Prise domestique N\/F&nbsp;:<\/strong><\/li><\/ul>\n\n\n\n<p>\u00c0 c\u00f4t\u00e9 de la borne de recharge, afin de pouvoir brancher un aspirateur, recharger un v\u00e9lo ou un scooter \u00e9lectrique\u2026.<\/p>\n\n\n\n<p>Nous pouvons vous proposer une prise domestique verrouillable, afin d\u2019\u00e9viter une utilisation frauduleuse ou un d\u00e9branchement des c\u00e2bles.<\/p>\n\n\n\n<ul class=\"wp-block-list\"><li><strong>S\u00e9curit\u00e9&nbsp;:<\/strong><\/li><\/ul>\n\n\n\n<p>S\u00e9curisation des Wallbox par un lecteur de badge RFID, permettant de verrouiller la prise, de lancer ou d\u2019arr\u00eater la recharge.<\/p>\n\n\n\n<ul class=\"wp-block-list\"><li><strong>Electrification de votre box&nbsp;<\/strong>:<\/li><\/ul>\n\n\n\n<p>Par la pose d\u2019un point lumineux avec interrupteur, une prise de courant N\/F et une bo\u00eete de d\u00e9rivation afin de permettre la pose d\u2019une porte \u00e9lectrique.<\/p>\n\n\n\n<ul class=\"wp-block-list\"><li><strong>T\u00e9l\u00e9relevage&nbsp;:<\/strong><\/li><\/ul>\n\n\n\n<p>Permet de relever \u00e0 distance l\u2019\u00e9tat des consommations des diff\u00e9rentes bornes de recharge et la cr\u00e9ation de tableaux statistiques.<\/p>\n\t\t","protected":false},"excerpt":{"rendered":"<p>Chaque installation finale normalis\u00e9e comprend : Une Wallbox 3,7 kva ou 7,4 kva avec prise de type 2 Un disjoncteur de puissance Un bloc diff\u00e9rentiel 30mA de type si Un compteur double tarif afin de b\u00e9n\u00e9ficier de la prime Advenir et des taris HP\/HC Un c\u00e2ble de section 6 mm\u00b2 Options&nbsp;disponibles : Prise domestique N\/F&nbsp;: &#8230; <a title=\"Options\" class=\"read-more\" href=\"https:\/\/www.electro-park.fr\/?page_id=288\" aria-label=\"En savoir plus sur Options\">Lire la suite<\/a><\/p>\n","protected":false},"author":2,"featured_media":0,"parent":0,"menu_order":11,"comment_status":"closed","ping_status":"closed","template":"","meta":{"footnotes":""},"class_list":["post-288","page","type-page","status-publish"],"yoast_head":"<!-- This site is optimized with the Yoast SEO plugin v23.6 - https:\/\/yoast.com\/wordpress\/plugins\/seo\/ -->\n<title>Options - ELECTRO PARK<\/title>\n<meta name=\"robots\" content=\"index, follow, max-snippet:-1, max-image-preview:large, max-video-preview:-1\" \/>\n<link rel=\"canonical\" href=\"https:\/\/www.electro-park.fr\/?page_id=288\" \/>\n<meta property=\"og:locale\" content=\"fr_FR\" \/>\n<meta property=\"og:type\" content=\"article\" \/>\n<meta property=\"og:title\" content=\"Options - ELECTRO PARK\" \/>\n<meta property=\"og:description\" content=\"Chaque installation finale normalis\u00e9e comprend : Une Wallbox 3,7 kva ou 7,4 kva avec prise de type 2 Un disjoncteur de puissance Un bloc diff\u00e9rentiel 30mA de type si Un compteur double tarif afin de b\u00e9n\u00e9ficier de la prime Advenir et des taris HP\/HC Un c\u00e2ble de section 6 mm\u00b2 Options&nbsp;disponibles : Prise domestique N\/F&nbsp;: ... Lire la suite\" \/>\n<meta property=\"og:url\" content=\"https:\/\/www.electro-park.fr\/?page_id=288\" \/>\n<meta property=\"og:site_name\" content=\"ELECTRO PARK\" \/>\n<meta name=\"twitter:card\" content=\"summary_large_image\" \/>\n<meta name=\"twitter:label1\" content=\"Dur\u00e9e de lecture estim\u00e9e\" \/>\n\t<meta name=\"twitter:data1\" content=\"1 minute\" \/>\n<script type=\"application\/ld+json\" class=\"yoast-schema-graph\">{\"@context\":\"https:\/\/schema.org\",\"@graph\":[{\"@type\":\"WebPage\",\"@id\":\"https:\/\/www.electro-park.fr\/?page_id=288\",\"url\":\"https:\/\/www.electro-park.fr\/?page_id=288\",\"name\":\"Options - ELECTRO PARK\",\"isPartOf\":{\"@id\":\"https:\/\/www.electro-park.fr\/#website\"},\"datePublished\":\"2020-04-20T12:08:34+00:00\",\"dateModified\":\"2020-04-20T12:08:34+00:00\",\"breadcrumb\":{\"@id\":\"https:\/\/www.electro-park.fr\/?page_id=288#breadcrumb\"},\"inLanguage\":\"fr-FR\",\"potentialAction\":[{\"@type\":\"ReadAction\",\"target\":[\"https:\/\/www.electro-park.fr\/?page_id=288\"]}]},{\"@type\":\"BreadcrumbList\",\"@id\":\"https:\/\/www.electro-park.fr\/?page_id=288#breadcrumb\",\"itemListElement\":[{\"@type\":\"ListItem\",\"position\":1,\"name\":\"Accueil\",\"item\":\"https:\/\/www.electro-park.fr\/\"},{\"@type\":\"ListItem\",\"position\":2,\"name\":\"Options\"}]},{\"@type\":\"WebSite\",\"@id\":\"https:\/\/www.electro-park.fr\/#website\",\"url\":\"https:\/\/www.electro-park.fr\/\",\"name\":\"ELECTRO PARK\",\"description\":\"RECHARGE DES VEHICULES ELECTRIQUES\",\"potentialAction\":[{\"@type\":\"SearchAction\",\"target\":{\"@type\":\"EntryPoint\",\"urlTemplate\":\"https:\/\/www.electro-park.fr\/?s={search_term_string}\"},\"query-input\":{\"@type\":\"PropertyValueSpecification\",\"valueRequired\":true,\"valueName\":\"search_term_string\"}}],\"inLanguage\":\"fr-FR\"}]}<\/script>\n<!-- \/ Yoast SEO plugin. -->","yoast_head_json":{"title":"Options - ELECTRO PARK","robots":{"index":"index","follow":"follow","max-snippet":"max-snippet:-1","max-image-preview":"max-image-preview:large","max-video-preview":"max-video-preview:-1"},"canonical":"https:\/\/www.electro-park.fr\/?page_id=288","og_locale":"fr_FR","og_type":"article","og_title":"Options - ELECTRO PARK","og_description":"Chaque installation finale normalis\u00e9e comprend : Une Wallbox 3,7 kva ou 7,4 kva avec prise de type 2 Un disjoncteur de puissance Un bloc diff\u00e9rentiel 30mA de type si Un compteur double tarif afin de b\u00e9n\u00e9ficier de la prime Advenir et des taris HP\/HC Un c\u00e2ble de section 6 mm\u00b2 Options&nbsp;disponibles : Prise domestique N\/F&nbsp;: ... Lire la suite","og_url":"https:\/\/www.electro-park.fr\/?page_id=288","og_site_name":"ELECTRO PARK","twitter_card":"summary_large_image","twitter_misc":{"Dur\u00e9e de lecture estim\u00e9e":"1 minute"},"schema":{"@context":"https:\/\/schema.org","@graph":[{"@type":"WebPage","@id":"https:\/\/www.electro-park.fr\/?page_id=288","url":"https:\/\/www.electro-park.fr\/?page_id=288","name":"Options - ELECTRO PARK","isPartOf":{"@id":"https:\/\/www.electro-park.fr\/#website"},"datePublished":"2020-04-20T12:08:34+00:00","dateModified":"2020-04-20T12:08:34+00:00","breadcrumb":{"@id":"https:\/\/www.electro-park.fr\/?page_id=288#breadcrumb"},"inLanguage":"fr-FR","potentialAction":[{"@type":"ReadAction","target":["https:\/\/www.electro-park.fr\/?page_id=288"]}]},{"@type":"BreadcrumbList","@id":"https:\/\/www.electro-park.fr\/?page_id=288#breadcrumb","itemListElement":[{"@type":"ListItem","position":1,"name":"Accueil","item":"https:\/\/www.electro-park.fr\/"},{"@type":"ListItem","position":2,"name":"Options"}]},{"@type":"WebSite","@id":"https:\/\/www.electro-park.fr\/#website","url":"https:\/\/www.electro-park.fr\/","name":"ELECTRO PARK","description":"RECHARGE DES VEHICULES ELECTRIQUES","potentialAction":[{"@type":"SearchAction","target":{"@type":"EntryPoint","urlTemplate":"https:\/\/www.electro-park.fr\/?s={search_term_string}"},"query-input":{"@type":"PropertyValueSpecification","valueRequired":true,"valueName":"search_term_string"}}],"inLanguage":"fr-FR"}]}},"_links":{"self":[{"href":"https:\/\/www.electro-park.fr\/index.php?rest_route=\/wp\/v2\/pages\/288","targetHints":{"allow":["GET"]}}],"collection":[{"href":"https:\/\/www.electro-park.fr\/index.php?rest_route=\/wp\/v2\/pages"}],"about":[{"href":"https:\/\/www.electro-park.fr\/index.php?rest_route=\/wp\/v2\/types\/page"}],"author":[{"embeddable":true,"href":"https:\/\/www.electro-park.fr\/index.php?rest_route=\/wp\/v2\/users\/2"}],"replies":[{"embeddable":true,"href":"https:\/\/www.electro-park.fr\/index.php?rest_route=%2Fwp%2Fv2%2Fcomments&post=288"}],"version-history":[{"count":0,"href":"https:\/\/www.electro-park.fr\/index.php?rest_route=\/wp\/v2\/pages\/288\/revisions"}],"wp:attachment":[{"href":"https:\/\/www.electro-park.fr\/index.php?rest_route=%2Fwp%2Fv2%2Fmedia&parent=288"}],"curies":[{"name":"wp","href":"https:\/\/api.w.org\/{rel}","templated":true}]}}